{"id":150,"date":"2017-12-14T11:20:41","date_gmt":"2017-12-14T11:20:41","guid":{"rendered":"https:\/\/jobunt.com\/\/?page_id=546"},"modified":"2025-07-29T10:31:31","modified_gmt":"2025-07-29T08:31:31","slug":"packs-cv","status":"publish","type":"page","link":"https:\/\/elenagarciasanchez.es\/portal\/packs-cv\/","title":{"rendered":"Packs Cv"},"content":{"rendered":"<div class=\"wpb-content-wrapper\"><p>[vc_row css=\u00bb.vc_custom_1513600257266{padding-top: 70px !important;padding-bottom: 60px !important;}\u00bb][vc_column]        <section class=\"careerfy-fancy-title\">\r\n                \r\n        <h2>Elige el plan perfecto para acceder a los mejores talentos<\/h2>\r\n                    <p>Ponemos a tu alcance paquetes flexibles para que puedas buscar y descargar CVs seg\u00fan las necesidades de tu empresa. Encuentra perfiles cualificados y acelera tu proceso de selecci\u00f3n con acceso directo a nuestra base de datos de candidatos.<\/p>\r\n                    <\/section>\r\n\r\n        \r\n        <div class=\"row\">\r\n                                <div class=\"col-md-4\">\r\n                        <div class=\"careerfy-classic-priceplane \">\r\n                            <h2>B\u00e1sico CV<\/h2>\r\n                                                            <span class=\"careerfy-classic-priceplane-title\">Accede a tu primer grupo de candidatos.<\/span>\r\n                                                        <div class=\"careerfy-priceplane-section\">\r\n                                <span>Free<\/span>                                    <p>Paquete gratuito para peque\u00f1as empresas o primeras b\u00fasquedas.<\/p>\r\n                                                            <\/div>\r\n                            <div class=\"grab-classic-priceplane\">\r\n                                                                    <ul>\r\n                                                                                    <li class=\"active\"><i\r\n                                                        class=\"careerfy-icon careerfy-check-square\"><\/i> Descargar hasta 3 CVs                                            <\/li>\r\n                                                                                    <li class=\"active\"><i\r\n                                                        class=\"careerfy-icon careerfy-check-square\"><\/i> V\u00e1lido durante 7 d\u00edas                                            <\/li>\r\n                                                                                    <li class=\"active\"><i\r\n                                                        class=\"careerfy-icon careerfy-check-square\"><\/i> Tarifa gratuita                                            <\/li>\r\n                                                                            <\/ul>\r\n                                \r\n                                                                    <a href=\"javascript:void(0);\"\r\n                                       class=\"careerfy-classic-priceplane-btn jobsearch-open-signin-tab jobsearch-wredirct-url jobsearch-pkg-bouybtn\"\r\n                                       data-id=\"220\"\r\n                                       data-wredircto=\"https:\/\/elenagarciasanchez.es\/portal\/wp-json\/wp\/v2\/pages\/150\">Get Started <\/a>\r\n                                                            <\/div>\r\n                        <\/div>\r\n                    <\/div>\r\n                                        <div class=\"col-md-4\">\r\n                        <div class=\"careerfy-classic-priceplane active\">\r\n                            <h2>CV Intermedio<\/h2>\r\n                                                            <span class=\"careerfy-classic-priceplane-title\">Encuentra perfiles adecuados de forma r\u00e1pida.<\/span>\r\n                                                        <div class=\"careerfy-priceplane-section\">\r\n                                <span>30,00&nbsp;&euro; <small>only<\/small><\/span>                                    <p>Acceso a 10 candidatos con validez extendida. Ideal para procesos activos.<\/p>\r\n                                                            <\/div>\r\n                            <div class=\"grab-classic-priceplane\">\r\n                                                                    <ul>\r\n                                                                                    <li class=\"active\"><i\r\n                                                        class=\"careerfy-icon careerfy-check-square\"><\/i> Descargar hasta 10 CVs                                            <\/li>\r\n                                                                                    <li class=\"active\"><i\r\n                                                        class=\"careerfy-icon careerfy-check-square\"><\/i> V\u00e1lido durante 15 d\u00edas                                            <\/li>\r\n                                                                                    <li class=\"active\"><i\r\n                                                        class=\"careerfy-icon careerfy-check-square\"><\/i> Tarifa de pago                                            <\/li>\r\n                                                                            <\/ul>\r\n                                \r\n                                                                    <a href=\"javascript:void(0);\"\r\n                                       class=\"careerfy-classic-priceplane-btn jobsearch-open-signin-tab jobsearch-wredirct-url jobsearch-pkg-bouybtn\"\r\n                                       data-id=\"223\"\r\n                                       data-wredircto=\"https:\/\/elenagarciasanchez.es\/portal\/wp-json\/wp\/v2\/pages\/150\">Get Started <\/a>\r\n                                                            <\/div>\r\n                        <\/div>\r\n                    <\/div>\r\n                                        <div class=\"col-md-4\">\r\n                        <div class=\"careerfy-classic-priceplane \">\r\n                            <h2>CV Profesional<\/h2>\r\n                                                            <span class=\"careerfy-classic-priceplane-title\">Para empresas con necesidades constantes de contrataci\u00f3n.<\/span>\r\n                                                        <div class=\"careerfy-priceplane-section\">\r\n                                <span>50,00&nbsp;&euro; <small>only<\/small><\/span>                                    <p>Accede a 25 curr\u00edculums con mayor plazo y libertad.<\/p>\r\n                                                            <\/div>\r\n                            <div class=\"grab-classic-priceplane\">\r\n                                                                    <ul>\r\n                                                                                    <li class=\"active\"><i\r\n                                                        class=\"careerfy-icon careerfy-check-square\"><\/i> Descargar hasta 25 CVs                                            <\/li>\r\n                                                                                    <li class=\"active\"><i\r\n                                                        class=\"careerfy-icon careerfy-check-square\"><\/i> V\u00e1lido durante 30 d\u00edas                                            <\/li>\r\n                                                                                    <li class=\"active\"><i\r\n                                                        class=\"careerfy-icon careerfy-check-square\"><\/i> Tarifa de pago                                            <\/li>\r\n                                                                            <\/ul>\r\n                                \r\n                                                                    <a href=\"javascript:void(0);\"\r\n                                       class=\"careerfy-classic-priceplane-btn jobsearch-open-signin-tab jobsearch-wredirct-url jobsearch-pkg-bouybtn\"\r\n                                       data-id=\"222\"\r\n                                       data-wredircto=\"https:\/\/elenagarciasanchez.es\/portal\/wp-json\/wp\/v2\/pages\/150\">Get Started <\/a>\r\n                                                            <\/div>\r\n                        <\/div>\r\n                    <\/div>\r\n                    \r\n        <\/div>\n[\/vc_column][\/vc_row][vc_row css=\u00bb.vc_custom_1513344837884{padding-top: 90px !important;padding-bottom: 20px !important;background-color: #f9f9f9 !important;}\u00bb][vc_column]        <section class=\"careerfy-fancy-title\">\r\n                \r\n        <h2>Publica tu CV en minutos y empieza a postular hoy mismo<\/h2>\r\n                    <p>\u00bfBuscas nuevas oportunidades laborales? Sigue estos simples pasos para crear tu perfil, subir tu curr\u00edculum y comenzar a aplicar a las mejores ofertas en solo unos clics.<\/p>\r\n                    <\/section>\r\n\r\n        <div class=\"careerfy-services-classic\"><ul class=\"row\">\r\n        \r\n        <li class=\"col-md-4\">\r\n            <span><i class=\"careerfy-icon careerfy-curriculum\"><\/i><\/span>\r\n            <h2>Reg\u00edstrate<\/h2>\r\n            <p>Reg\u00edstrate gratis como candidato en unos pocos pasos. Solo necesitas tu nombre, correo electr\u00f3nico y una contrase\u00f1a segura<\/p>\r\n            \r\n        <\/li>\r\n        <li class=\"col-md-4\">\r\n            <span><i class=\"careerfy-icon careerfy-building\"><\/i><\/span>\r\n            <h2>Sube tu CV<\/h2>\r\n            <p>Agrega tu experiencia, formaci\u00f3n y habilidades. Puedes subir tu curr\u00edculum en PDF o usar nuestro generador online.<\/p>\r\n            \r\n        <\/li>\r\n        <li class=\"col-md-4\">\r\n            <span><i class=\"careerfy-icon careerfy-briefcase\"><\/i><\/span>\r\n            <h2>Postula al instante<\/h2>\r\n            <p>Explora las ofertas de empleo y aplica con un clic. Recibir\u00e1s notificaciones por correo sobre tus postulaciones.<\/p>\r\n            \r\n        <\/li>\r\n        <\/ul><\/div>\n[\/vc_column][\/vc_row][vc_row css=\u00bb.vc_custom_1513338979764{padding-bottom: 40px !important;}\u00bb][vc_column]        <div class=\"row\">\r\n            <aside class=\"col-md-6 careerfy-typo-wrap\">\r\n                <div class=\"careerfy-parallex-text careerfy-logo-text\">\r\n                    <h2>MILLONES DE TRABAJOS.<br> ENCUENTRA EL MEJOR PARA TI.<\/h2>\r\n                    <p>Busca todas las vacantes en la web. Obt\u00e9n tu propia estimaci\u00f3n salarial personalizada. Lee rese\u00f1as de m\u00e1s de 600.000 empresas en todo el mundo. El trabajo ideal est\u00e1 ah\u00ed fuera. Usa Empleo Seguridad para encontrarlo.<\/p>                    <a href=\"#\" class=\"careerfy-static-btn careerfy-bgcolor\"><span>Search Jobs<\/span><\/a>                <\/div>\r\n            <\/aside>\r\n                            <aside class=\"col-md-6 careerfy-typo-wrap\">\r\n                    <div class=\"careerfy-logo-thumb\"><img decoding=\"async\"\r\n                                src=\"https:\/\/elenagarciasanchez.es\/portal\/wp-content\/uploads\/2017\/12\/multiple-logos.jpg\" alt=\"\"><\/div>\r\n                <\/aside>\r\n                <!--ends here-->\r\n                    <\/div>\r\n    [\/vc_column][\/vc_row][vc_row careerfy_container=\u00bbwide\u00bb][vc_column]\r\n        <div class=\"careerfy-testimonial-section\">\r\n            <div class=\"row\">\r\n                <aside class=\"col-md-5\" style=\"background:url(https:\/\/elenagarciasanchez.es\/portal\/wp-content\/uploads\/2017\/12\/testimonial-thumb-1.jpg); background-repeat: no-repeat; background-size:cover; background-position: center;\"><\/aside>\r\n                <aside class=\"col-md-7\">\r\n                    <div class=\"careerfy-testimonial-slider\">\r\n                        \r\n        <div class=\"careerfy-testimonial-slide-layer\">\r\n            <div class=\"careerfy-testimonial-wrap\">\r\n                <p>\u00a1Acabo de conseguir un trabajo al que me postul\u00e9 a trav\u00e9s de Empleo Seguridad! Us\u00e9 la p\u00e1gina constantemente durante mi b\u00fasqueda de empleo.<\/p>\r\n                <div class=\"careerfy-testimonial-text\">\r\n                    <h2>Richard Anderson<\/h2>\r\n                    <span>Nevada, USA<\/span>\r\n                <\/div>\r\n            <\/div>\r\n        <\/div>\r\n        <div class=\"careerfy-testimonial-slide-layer\">\r\n            <div class=\"careerfy-testimonial-wrap\">\r\n                <p>\u00a1Acabo de conseguir un trabajo al que me postul\u00e9 a trav\u00e9s de Empleo Seguridad! Us\u00e9 la p\u00e1gina constantemente durante mi b\u00fasqueda de empleo.<\/p>\r\n                <div class=\"careerfy-testimonial-text\">\r\n                    <h2>Richard Anderson<\/h2>\r\n                    <span>Nevada, USA<\/span>\r\n                <\/div>\r\n            <\/div>\r\n        <\/div>\r\n                    <\/div>\r\n                <\/aside>\r\n            <\/div>\r\n        <\/div>\n[\/vc_column][\/vc_row]<\/p>\n<\/div>","protected":false},"excerpt":{"rendered":"<p>[vc_row css=\u00bb.vc_custom_1513600257266{padding-top: 70px !important;padding-bottom: 60px !important;}\u00bb][vc_column][\/vc_column][\/vc_row][vc_row css=\u00bb.vc_custom_1513344837884{padding-top: 90px !important;padding-bottom: 20px !important;background-color: #f9f9f9 !important;}\u00bb][vc_column][\/vc_column][\/vc_row][vc_row css=\u00bb.vc_custom_1513338979764{padding-bottom: 40px !important;}\u00bb][vc_column][\/vc_column][\/vc_row][vc_row careerfy_container=\u00bbwide\u00bb][vc_column][\/vc_column][\/vc_row]<\/p>\n","protected":false},"author":1,"featured_media":0,"parent":0,"menu_order":0,"comment_status":"closed","ping_status":"closed","template":"","meta":{"footnotes":""},"class_list":["post-150","page","type-page","status-publish","hentry"],"_links":{"self":[{"href":"https:\/\/elenagarciasanchez.es\/portal\/wp-json\/wp\/v2\/pages\/150","targetHints":{"allow":["GET"]}}],"collection":[{"href":"https:\/\/elenagarciasanchez.es\/portal\/wp-json\/wp\/v2\/pages"}],"about":[{"href":"https:\/\/elenagarciasanchez.es\/portal\/wp-json\/wp\/v2\/types\/page"}],"author":[{"embeddable":true,"href":"https:\/\/elenagarciasanchez.es\/portal\/wp-json\/wp\/v2\/users\/1"}],"replies":[{"embeddable":true,"href":"https:\/\/elenagarciasanchez.es\/portal\/wp-json\/wp\/v2\/comments?post=150"}],"version-history":[{"count":7,"href":"https:\/\/elenagarciasanchez.es\/portal\/wp-json\/wp\/v2\/pages\/150\/revisions"}],"predecessor-version":[{"id":533,"href":"https:\/\/elenagarciasanchez.es\/portal\/wp-json\/wp\/v2\/pages\/150\/revisions\/533"}],"wp:attachment":[{"href":"https:\/\/elenagarciasanchez.es\/portal\/wp-json\/wp\/v2\/media?parent=150"}],"curies":[{"name":"wp","href":"https:\/\/api.w.org\/{rel}","templated":true}]}}