{"id":153,"date":"2017-12-14T06:19:45","date_gmt":"2017-12-14T06:19:45","guid":{"rendered":"https:\/\/jobunt.com\/\/?page_id=522"},"modified":"2025-07-29T10:51:58","modified_gmt":"2025-07-29T08:51:58","slug":"sobre-nosotros","status":"publish","type":"page","link":"https:\/\/elenagarciasanchez.es\/portal\/sobre-nosotros\/","title":{"rendered":"Sobre nosotros"},"content":{"rendered":"<div class=\"wpb-content-wrapper\"><p>[vc_row css=\u00bb.vc_custom_1513347932803{padding-top: 30px !important;}\u00bb][vc_column]        <div class=\"row\">\r\n            <div class=\"col-md-6 careerfy-typo-wrap\">\r\n                <div class=\"careerfy-about-text\">\r\n                                            <h2 >Acerca de nuestra empresa<\/h2>\r\n                                                <span class=\"careerfy-about-sub\" >Pellentesque accumsan nisl varius risus mollis varius sed eu neque Cras fringilla sagittis rhoncus.<\/span>\r\n                                        <p >In accumsan pulvinar maximus. Phasellus elementum rutrum dolor id mollis aece et lectus accumsan ipsum facilisis malesuada vel ut diam. Pellentesque vitae tempus sapien, vel aliquam nulla. In in fringilla massa, id consectetur lacus tibul.<br \/>\nLorem ipsum dolor sit amet, consectetur adipiscing elit. Curabitur a auctor urna, et porttitor lorem. Fusce at neque et orci rhoncus hendrerit. Praesent nec quam ac orci placerat semper.<\/p>\r\n                                            <a href=\"https:\/\/elenagarciasanchez.es\/portal\/trabajos\/\"\r\n                           class=\"careerfy-static-btn careerfy-bgcolor\"><span>Buscar empleos<\/span><\/a>\r\n                                        <\/div>\r\n            <\/div>\r\n                            <div class=\"col-md-6 careerfy-typo-wrap\">\r\n                    <div class=\"careerfy-about-thumb\"><img decoding=\"async\" src=\"https:\/\/elenagarciasanchez.es\/portal\/wp-content\/uploads\/2017\/12\/about-us-thumb.png\" alt=\"\"><\/div>\r\n                <\/div>\r\n                <!--ends here-->\r\n                    <\/div>\r\n        [\/vc_column][\/vc_row][vc_row css=\u00bb.vc_custom_1513347965674{padding-bottom: 70px !important;}\u00bb][vc_column]\r\n    <div class=\"careerfy-modren-counter\">\r\n        <ul class=\"row\">\r\n        \r\n    <li class=\"col-md-4\">\r\n        <i  class=\"careerfy-icon careerfy-paper careerfy-color\"><\/i>\r\n        <span  class=\"word-counter\">123,012<\/span>\r\n        <small >Curr\u00edculums activos<\/small>\r\n    <\/li>\r\n    <li class=\"col-md-4\">\r\n        <i  class=\"careerfy-icon careerfy-resume-document careerfy-color\"><\/i>\r\n        <span  class=\"word-counter\">123,022<\/span>\r\n        <small >Empleos a\u00f1adidos<\/small>\r\n    <\/li>\r\n    <li class=\"col-md-4\">\r\n        <i  class=\"careerfy-icon careerfy-briefcase careerfy-color\"><\/i>\r\n        <span  class=\"word-counter\">123,042<\/span>\r\n        <small >Empleos dados<\/small>\r\n    <\/li>\r\n        <\/ul>\r\n    <\/div>\n[\/vc_column][\/vc_row][vc_row careerfy_container=\u00bbwide\u00bb][vc_column]\r\n        <div class=\"careerfy-testimonial-section\">\r\n            <div class=\"row\">\r\n                <aside class=\"col-md-5\" style=\"background:url(https:\/\/elenagarciasanchez.es\/portal\/wp-content\/uploads\/2017\/12\/testimonial-thumb-1.jpg); background-repeat: no-repeat; background-size:cover; background-position: center;\"><\/aside>\r\n                <aside class=\"col-md-7\">\r\n                    <div class=\"careerfy-testimonial-slider\">\r\n                        \r\n        <div class=\"careerfy-testimonial-slide-layer\">\r\n            <div class=\"careerfy-testimonial-wrap\">\r\n                <p>\u00a1Acabo de conseguir un trabajo al que me postul\u00e9 a trav\u00e9s de Empleo Seguridad! Us\u00e9 la p\u00e1gina diariamente durante mi b\u00fasqueda de empleo<\/p>\r\n                <div class=\"careerfy-testimonial-text\">\r\n                    <h2>Richard Anderson<\/h2>\r\n                    <span>Coslada<\/span>\r\n                <\/div>\r\n            <\/div>\r\n        <\/div>\r\n        <div class=\"careerfy-testimonial-slide-layer\">\r\n            <div class=\"careerfy-testimonial-wrap\">\r\n                <p>\u00a1Acabo de conseguir un trabajo al que me postul\u00e9 a trav\u00e9s de Empleo Seguridad! Us\u00e9 la p\u00e1gina diariamente durante mi b\u00fasqueda de empleo<\/p>\r\n                <div class=\"careerfy-testimonial-text\">\r\n                    <h2>Richard Anderson<\/h2>\r\n                    <span>\u00c1vila<\/span>\r\n                <\/div>\r\n            <\/div>\r\n        <\/div>\r\n                    <\/div>\r\n                <\/aside>\r\n            <\/div>\r\n        <\/div>\n[\/vc_column][\/vc_row][vc_row css=\u00bb.vc_custom_1513339403770{padding-top: 70px !important;padding-bottom: 70px !important;}\u00bb][vc_column]        <section class=\"careerfy-fancy-title\">\r\n                \r\n        <h2>Nuestros servicios destacados<\/h2>\r\n                    <p>Hay un trabajo mejor ah\u00ed fuera. Te ayudamos a encontrarlo. Somos tu primer paso para convertirte en todo lo que quieres ser<\/p>\r\n                    <\/section>\r\n\r\n        <div class=\"careerfy-classic-services\"><ul class=\"row\">\r\n        \r\n        <li class=\"col-md-4\">\r\n            <span>1<\/span>\r\n            <i class=\"careerfy-icon careerfy-coding\"><\/i>\r\n            <h2>Publicaci\u00f3n de ofertas<\/h2>\r\n            <p>Publica vacantes de forma r\u00e1pida y llega a miles de candidatos calificados.<\/p>\r\n        <\/li>\r\n        <li class=\"col-md-4\">\r\n            <span>2<\/span>\r\n            <i class=\"careerfy-icon careerfy-support\"><\/i>\r\n            <h2>Subida de CV<\/h2>\r\n            <p>Los candidatos pueden cargar y actualizar su curr\u00edculum f\u00e1cilmente.<\/p>\r\n        <\/li>\r\n        <li class=\"col-md-4\">\r\n            <span>3<\/span>\r\n            <i class=\"careerfy-icon careerfy-pen\"><\/i>\r\n            <h2>B\u00fasqueda avanzada<\/h2>\r\n            <p>Filtra candidatos o empleos por sector, experiencia, ubicaci\u00f3n y m\u00e1s.<\/p>\r\n        <\/li>\r\n        <li class=\"col-md-4\">\r\n            <span>4<\/span>\r\n            <i class=\"careerfy-icon careerfy-briefcase-time\"><\/i>\r\n            <h2>Perfiles destacados<\/h2>\r\n            <p>Da mayor visibilidad a empresas y candidatos dentro del portal.<\/p>\r\n        <\/li>\r\n        <li class=\"col-md-4\">\r\n            <span>5<\/span>\r\n            <i class=\"careerfy-icon careerfy-company-workers\"><\/i>\r\n            <h2>Alertas personalizadas<\/h2>\r\n            <p>Recibe notificaciones autom\u00e1ticas de ofertas o perfiles que se ajusten a tus intereses.<\/p>\r\n        <\/li>\r\n        <li class=\"col-md-4\">\r\n            <span>6<\/span>\r\n            <i class=\"careerfy-icon careerfy-graphic\"><\/i>\r\n            <h2>Gesti\u00f3n centralizada<\/h2>\r\n            <p>Administra vacantes, postulaciones y perfiles desde un solo panel intuitivo.<\/p>\r\n        <\/li>\r\n        <\/ul><\/div>\n[\/vc_column][\/vc_row][vc_row careerfy_container=\u00bbwide\u00bb][vc_column]        <section class=\"careerfy-fancy-title\">\r\n                \r\n        <h2>Nuestro equipo<\/h2>\r\n                <\/section>\r\n\r\n        <div class=\"careerfy-service-slider\"><div class=\"careerfy-service-slider-layer\"><a><img decoding=\"async\" src=\"https:\/\/elenagarciasanchez.es\/portal\/wp-content\/uploads\/2017\/12\/team-jobsearch-about1-.png\" alt=\"\"><\/a><span>Matt John <small>Web Developer<\/small><\/span><\/div><div class=\"careerfy-service-slider-layer\"><a><img decoding=\"async\" src=\"https:\/\/elenagarciasanchez.es\/portal\/wp-content\/uploads\/2017\/12\/team-jobsearch-about4-.png\" alt=\"\"><\/a><span>Lori Ramo <small>Marketing Expert<\/small><\/span><\/div><div class=\"careerfy-service-slider-layer\"><a><img decoding=\"async\" src=\"https:\/\/elenagarciasanchez.es\/portal\/wp-content\/uploads\/2017\/12\/team-jobsearch-about3-.png\" alt=\"\"><\/a><span>Mark Hansen <small>Ux Designer<\/small><\/span><\/div><div class=\"careerfy-service-slider-layer\"><a><img decoding=\"async\" src=\"https:\/\/elenagarciasanchez.es\/portal\/wp-content\/uploads\/2017\/12\/team-jobsearch-about5-.png\" alt=\"\"><\/a><span>Joel Dudley <small>Web Designer<\/small><\/span><\/div><div class=\"careerfy-service-slider-layer\"><a><img decoding=\"async\" src=\"https:\/\/elenagarciasanchez.es\/portal\/wp-content\/uploads\/2017\/12\/team-jobsearch-about3-.png\" alt=\"\"><\/a><span>Joel Dudley <small>Web Designer<\/small><\/span><\/div><div class=\"careerfy-service-slider-layer\"><a><img decoding=\"async\" src=\"https:\/\/elenagarciasanchez.es\/portal\/wp-content\/uploads\/2017\/12\/team-jobsearch-about2-.png\" alt=\"\"><\/a><span>Peter Hawkins <small>WebDeveloper<\/small><\/span><\/div><\/div>[\/vc_column][\/vc_row][vc_row css=\u00bb.vc_custom_1513338979764{padding-bottom: 40px !important;}\u00bb][vc_column]        <div class=\"row\">\r\n            <aside class=\"col-md-6 careerfy-typo-wrap\">\r\n                <div class=\"careerfy-parallex-text careerfy-logo-text\">\r\n                    <h2>MILLONES DE EMPLEOS.<br> ENCUENTRA EL PERFECTO PARA TI.<\/h2>\r\n                    <p>Busca todas las vacantes en la web. Obt\u00e9n tu propia estimaci\u00f3n salarial personalizada. Lee rese\u00f1as de m\u00e1s de 600.000 empresas en todo el mundo. El trabajo ideal est\u00e1 ah\u00ed fuera. Usa Empleo Seguridad para encontrarlo.<\/p>                    <a href=\"#\" class=\"careerfy-static-btn careerfy-bgcolor\"><span>Search Jobs<\/span><\/a>                <\/div>\r\n            <\/aside>\r\n                            <aside class=\"col-md-6 careerfy-typo-wrap\">\r\n                    <div class=\"careerfy-logo-thumb\"><img decoding=\"async\"\r\n                                src=\"https:\/\/elenagarciasanchez.es\/portal\/wp-content\/uploads\/2017\/12\/multiple-logos.jpg\" alt=\"\"><\/div>\r\n                <\/aside>\r\n                <!--ends here-->\r\n                    <\/div>\r\n    [\/vc_column][\/vc_row]<\/p>\n<\/div>","protected":false},"excerpt":{"rendered":"<p>[vc_row css=\u00bb.vc_custom_1513347932803{padding-top: 30px !important;}\u00bb][vc_column][\/vc_column][\/vc_row][vc_row css=\u00bb.vc_custom_1513347965674{padding-bottom: 70px !important;}\u00bb][vc_column][\/vc_column][\/vc_row][vc_row careerfy_container=\u00bbwide\u00bb][vc_column][\/vc_column][\/vc_row][vc_row css=\u00bb.vc_custom_1513339403770{padding-top: 70px !important;padding-bottom: 70px !important;}\u00bb][vc_column][\/vc_column][\/vc_row][vc_row careerfy_container=\u00bbwide\u00bb][vc_column][\/vc_column][\/vc_row][vc_row css=\u00bb.vc_custom_1513338979764{padding-bottom: 40px !important;}\u00bb][vc_column][\/vc_column][\/vc_row]<\/p>\n","protected":false},"author":1,"featured_media":0,"parent":0,"menu_order":0,"comment_status":"closed","ping_status":"closed","template":"","meta":{"footnotes":""},"class_list":["post-153","page","type-page","status-publish","hentry"],"_links":{"self":[{"href":"https:\/\/elenagarciasanchez.es\/portal\/wp-json\/wp\/v2\/pages\/153","targetHints":{"allow":["GET"]}}],"collection":[{"href":"https:\/\/elenagarciasanchez.es\/portal\/wp-json\/wp\/v2\/pages"}],"about":[{"href":"https:\/\/elenagarciasanchez.es\/portal\/wp-json\/wp\/v2\/types\/page"}],"author":[{"embeddable":true,"href":"https:\/\/elenagarciasanchez.es\/portal\/wp-json\/wp\/v2\/users\/1"}],"replies":[{"embeddable":true,"href":"https:\/\/elenagarciasanchez.es\/portal\/wp-json\/wp\/v2\/comments?post=153"}],"version-history":[{"count":4,"href":"https:\/\/elenagarciasanchez.es\/portal\/wp-json\/wp\/v2\/pages\/153\/revisions"}],"predecessor-version":[{"id":538,"href":"https:\/\/elenagarciasanchez.es\/portal\/wp-json\/wp\/v2\/pages\/153\/revisions\/538"}],"wp:attachment":[{"href":"https:\/\/elenagarciasanchez.es\/portal\/wp-json\/wp\/v2\/media?parent=153"}],"curies":[{"name":"wp","href":"https:\/\/api.w.org\/{rel}","templated":true}]}}